{"id":279,"date":"2024-08-28T13:30:33","date_gmt":"2024-08-28T11:30:33","guid":{"rendered":"https:\/\/www.fcpelikarhut.fi\/?page_id=279"},"modified":"2026-03-14T15:48:29","modified_gmt":"2026-03-14T13:48:29","slug":"naisten-joukkue","status":"publish","type":"page","link":"https:\/\/www.fcpelikarhut.fi\/index.php\/naisten-joukkue\/","title":{"rendered":"Naisten joukkue"},"content":{"rendered":"\n<div class=\"wp-block-cover alignfull\" style=\"padding-top:2%;min-height:30rem;aspect-ratio:unset;\"><img loading=\"lazy\" decoding=\"async\" width=\"1024\" height=\"257\" class=\"wp-block-cover__image-background wp-image-815 size-large\" alt=\"\" src=\"https:\/\/www.fcpelikarhut.fi\/wp-content\/uploads\/2025\/04\/NMT_5179_2-1024x257.jpg\" data-object-fit=\"cover\" srcset=\"https:\/\/www.fcpelikarhut.fi\/wp-content\/uploads\/2025\/04\/NMT_5179_2-1024x257.jpg 1024w, https:\/\/www.fcpelikarhut.fi\/wp-content\/uploads\/2025\/04\/NMT_5179_2-300x75.jpg 300w, https:\/\/www.fcpelikarhut.fi\/wp-content\/uploads\/2025\/04\/NMT_5179_2-768x192.jpg 768w, https:\/\/www.fcpelikarhut.fi\/wp-content\/uploads\/2025\/04\/NMT_5179_2-1536x385.jpg 1536w, https:\/\/www.fcpelikarhut.fi\/wp-content\/uploads\/2025\/04\/NMT_5179_2-2048x513.jpg 2048w\" sizes=\"auto, (max-width: 1024px) 100vw, 1024px\" \/><span aria-hidden=\"true\" class=\"wp-block-cover__background has-background-dim-30 has-background-dim\" style=\"background-color:#212122\"><\/span><div class=\"wp-block-cover__inner-container has-global-padding is-layout-constrained wp-container-core-cover-is-layout-ee51f2d2 wp-block-cover-is-layout-constrained\">\n<div class=\"wp-block-group alignwide is-vertical is-content-justification-center is-layout-flex wp-container-core-group-is-layout-5e763914 wp-block-group-is-layout-flex\" style=\"min-height:8rem\">\n<div class=\"wp-block-group has-global-padding is-layout-constrained wp-container-core-group-is-layout-bea02a06 wp-block-group-is-layout-constrained\">\n<h2 class=\"wp-block-heading has-text-align-center has-text-color\" style=\"color:#ffffff;margin-top:0rem;margin-bottom:1.01rem;font-size:clamp(2.071rem, 2.071rem + ((1vw - 0.2rem) * 2.98), 3.71rem);font-style:normal;font-weight:400;line-height:1;text-transform:none\">Naisten joukkue<\/h2>\n<\/div>\n<\/div>\n<\/div><\/div>\n\n\n\n<div class=\"wp-block-group alignfull has-global-padding is-layout-constrained wp-block-group-is-layout-constrained\">\n<div class=\"wp-block-columns alignwide is-layout-flex wp-container-core-columns-is-layout-db2df21c wp-block-columns-is-layout-flex\" style=\"margin-bottom:0px\">\n<div class=\"wp-block-column is-layout-flow wp-block-column-is-layout-flow\">\n<div class=\"wp-block-group is-vertical is-content-justification-left is-layout-flex wp-container-core-group-is-layout-c5d44cae wp-block-group-is-layout-flex\" style=\"min-height:100%\">\n<div class=\"wp-block-group has-global-padding is-content-justification-center is-layout-constrained wp-container-core-group-is-layout-b15c80d6 wp-block-group-is-layout-constrained\">\n<h3 class=\"wp-block-heading has-text-align-left has-text-color\" style=\"color:#07277c;margin-top:0.5rem;margin-bottom:1.01rem;font-size:clamp(1.556rem, 1.556rem + ((1vw - 0.2rem) * 1.916), 2.61rem);font-style:normal;font-weight:500;letter-spacing:0px;line-height:1.3;text-transform:none\">Naisten joukkue<\/h3>\n\n\n\n<figure class=\"wp-block-image size-large\"><img loading=\"lazy\" decoding=\"async\" width=\"1024\" height=\"477\" src=\"https:\/\/www.fcpelikarhut.fi\/wp-content\/uploads\/2025\/06\/Peka_Naiset_2025_rajattu-1024x477.jpg\" alt=\"\" class=\"wp-image-1134\" srcset=\"https:\/\/www.fcpelikarhut.fi\/wp-content\/uploads\/2025\/06\/Peka_Naiset_2025_rajattu-1024x477.jpg 1024w, https:\/\/www.fcpelikarhut.fi\/wp-content\/uploads\/2025\/06\/Peka_Naiset_2025_rajattu-300x140.jpg 300w, https:\/\/www.fcpelikarhut.fi\/wp-content\/uploads\/2025\/06\/Peka_Naiset_2025_rajattu-768x358.jpg 768w, https:\/\/www.fcpelikarhut.fi\/wp-content\/uploads\/2025\/06\/Peka_Naiset_2025_rajattu-1536x715.jpg 1536w, https:\/\/www.fcpelikarhut.fi\/wp-content\/uploads\/2025\/06\/Peka_Naiset_2025_rajattu-2048x953.jpg 2048w\" sizes=\"auto, (max-width: 1024px) 100vw, 1024px\" \/><\/figure>\n\n\n\n<p>Olemme harrastejoukkue, joka treenaa ohjatusti hyv\u00e4ll\u00e4 temmolla unohtamatta, ett\u00e4 harkoissa on my\u00f6s hauskaa! Joukkueeseemme ovat kaikki pelaajat tervetulleita, on lajitaustaa tai ei.<br>Kes\u00e4kaudella pelaamme 5. divaria ja 7v7 kotikentt\u00e4sarjaa sek\u00e4 talvikaudella futsalia 3. divarissa. Harjoittelemme kolme kertaa viikossa.<\/p>\n\n\n\n<p><br>Joukkueessa on pelaajia 15-vuotiaasta yli 40-vuotiaaseen, vasta-alkaneita jalkapallon harrastajia, mutta my\u00f6s jalkapallon konkareita! Joukkueessa treenaa t\u00e4ll\u00e4 hetkell\u00e4 n. 35 aktiivista pelaajaa eli treeneiss\u00e4 saadaan aina hyv\u00e4t loppupelit aikaiseksi.Voit osallistua pelk\u00e4st\u00e4\u00e4n harjoituksiin tai tulla mukaan my\u00f6s pelaamaan!<\/p>\n<\/div>\n<\/div>\n<\/div>\n\n\n\n<div class=\"wp-block-column has-global-padding is-content-justification-left is-layout-constrained wp-container-core-column-is-layout-12dd3699 wp-block-column-is-layout-constrained\" style=\"flex-basis:45%\">\n<div class=\"wp-block-group is-vertical is-layout-flex wp-container-core-group-is-layout-2d729e81 wp-block-group-is-layout-flex\">\n<div class=\"wp-block-buttons is-layout-flex wp-container-core-buttons-is-layout-45b20515 wp-block-buttons-is-layout-flex\">\n<div class=\"wp-block-button is-style-fill\"><a class=\"wp-block-button__link has-text-color has-background has-link-color wp-element-button\" href=\"https:\/\/www.fcpelikarhut.fi\/index.php\/joukkueet\/\" style=\"border-style:none;border-width:0px;border-radius:100px;color:#ffffff;background-color:#c31032\">Takaisin<\/a><\/div>\n<\/div>\n\n\n\n<div class=\"wp-block-buttons is-content-justification-center is-layout-flex wp-container-core-buttons-is-layout-b5994976 wp-block-buttons-is-layout-flex\">\n<div class=\"wp-block-button is-style-fill\"><a class=\"wp-block-button__link has-text-color has-background has-custom-font-size wp-element-button\" style=\"border-width:1px;border-radius:2.5rem;color:#ffffff;background-color:#c31032;padding-top:0.3rem;padding-right:0.81rem;padding-bottom:0.3rem;padding-left:0.81rem;font-size:clamp(0.875rem, 0.875rem + ((1vw - 0.2rem) * 0.591), 1.2rem);font-style:normal;font-weight:400;line-height:1;text-transform:capitalize\">Yhteystiedot<\/a><\/div>\n<\/div>\n<\/div>\n\n\n\n<p><strong>Valmennus:<\/strong><\/p>\n\n\n\n<p><strong>11v11 vitonen:<\/strong> Joni Kattelus p. 040 741 7075<br>S\u00e4hk\u00f6posti: kattelus.joni@gmail.com<\/p>\n\n\n\n<p><strong>7v7 harraste:<\/strong> Jari Haaja p. 0405560859 <br>S\u00e4hk\u00f6posti: jarihaaja@gmail.com<\/p>\n\n\n\n<p><strong>Futsal kolmonen:<\/strong> Sanna-Mari Kokkom\u00e4ki p. 040 843 0317 S\u00e4hk\u00f6posti: sannamkok@gmail.com<\/p>\n\n\n\n<p>Jari Haaja p. 0405560859 S\u00e4hk\u00f6posti: jarihaaja@gmail.com<\/p>\n\n\n\n<p><strong>Joukkueenjohtajat:<\/strong> <br>Oona Kylm\u00e4nen p.044 358 9585<br>S\u00e4hk\u00f6posti: oona.kylmanen@outlook.com<\/p>\n\n\n\n<p>Joni Kattelus p. 040 741 7075<br>S\u00e4hk\u00f6posti: kattelus.joni@gmail.com<\/p>\n\n\n\n<p><\/p>\n<\/div>\n<\/div>\n\n\n\n<div style=\"height:100px\" aria-hidden=\"true\" class=\"wp-block-spacer\"><\/div>\n<\/div>\n","protected":false},"excerpt":{"rendered":"<p>Naisten joukkue Olemme harrastejoukkue, joka treenaa ohjatusti hyv\u00e4ll\u00e4 temmolla unohtamatta, ett\u00e4 harkoissa on my\u00f6s hauskaa! Joukkueeseemme ovat kaikki pelaajat tervetulleita, on lajitaustaa tai ei.Kes\u00e4kaudella pelaamme 5. divaria ja 7v7 kotikentt\u00e4sarjaa sek\u00e4 talvikaudella futsalia 3. divarissa. Harjoittelemme kolme kertaa viikossa. Joukkueessa on pelaajia 15-vuotiaasta yli 40-vuotiaaseen, vasta-alkaneita jalkapallon harrastajia, mutta my\u00f6s jalkapallon konkareita! Joukkueessa treenaa t\u00e4ll\u00e4 [&hellip;]<\/p>\n","protected":false},"author":1,"featured_media":0,"parent":0,"menu_order":0,"comment_status":"closed","ping_status":"closed","template":"","meta":{"footnotes":""},"class_list":["post-279","page","type-page","status-publish","hentry"],"_links":{"self":[{"href":"https:\/\/www.fcpelikarhut.fi\/index.php\/wp-json\/wp\/v2\/pages\/279","targetHints":{"allow":["GET"]}}],"collection":[{"href":"https:\/\/www.fcpelikarhut.fi\/index.php\/wp-json\/wp\/v2\/pages"}],"about":[{"href":"https:\/\/www.fcpelikarhut.fi\/index.php\/wp-json\/wp\/v2\/types\/page"}],"author":[{"embeddable":true,"href":"https:\/\/www.fcpelikarhut.fi\/index.php\/wp-json\/wp\/v2\/users\/1"}],"replies":[{"embeddable":true,"href":"https:\/\/www.fcpelikarhut.fi\/index.php\/wp-json\/wp\/v2\/comments?post=279"}],"version-history":[{"count":30,"href":"https:\/\/www.fcpelikarhut.fi\/index.php\/wp-json\/wp\/v2\/pages\/279\/revisions"}],"predecessor-version":[{"id":1400,"href":"https:\/\/www.fcpelikarhut.fi\/index.php\/wp-json\/wp\/v2\/pages\/279\/revisions\/1400"}],"wp:attachment":[{"href":"https:\/\/www.fcpelikarhut.fi\/index.php\/wp-json\/wp\/v2\/media?parent=279"}],"curies":[{"name":"wp","href":"https:\/\/api.w.org\/{rel}","templated":true}]}}