{"id":325,"date":"2024-08-29T10:58:48","date_gmt":"2024-08-29T08:58:48","guid":{"rendered":"https:\/\/www.fcpelikarhut.fi\/?page_id=325"},"modified":"2026-01-26T19:03:55","modified_gmt":"2026-01-26T17:03:55","slug":"tenavafutis-2","status":"publish","type":"page","link":"https:\/\/www.fcpelikarhut.fi\/index.php\/tenavafutis-2\/","title":{"rendered":"Tenavafutis"},"content":{"rendered":"\n<div class=\"wp-block-cover alignfull\" style=\"padding-top:2%;min-height:30rem;aspect-ratio:unset;\"><img loading=\"lazy\" decoding=\"async\" width=\"2560\" height=\"1696\" class=\"wp-block-cover__image-background wp-image-224\" alt=\"\" src=\"https:\/\/www.fcpelikarhut.fi\/wp-content\/uploads\/2024\/08\/NMT_2811-scaled.jpg\" data-object-fit=\"cover\" srcset=\"https:\/\/www.fcpelikarhut.fi\/wp-content\/uploads\/2024\/08\/NMT_2811-scaled.jpg 2560w, https:\/\/www.fcpelikarhut.fi\/wp-content\/uploads\/2024\/08\/NMT_2811-300x199.jpg 300w, https:\/\/www.fcpelikarhut.fi\/wp-content\/uploads\/2024\/08\/NMT_2811-1024x678.jpg 1024w, https:\/\/www.fcpelikarhut.fi\/wp-content\/uploads\/2024\/08\/NMT_2811-768x509.jpg 768w, https:\/\/www.fcpelikarhut.fi\/wp-content\/uploads\/2024\/08\/NMT_2811-1536x1017.jpg 1536w, https:\/\/www.fcpelikarhut.fi\/wp-content\/uploads\/2024\/08\/NMT_2811-2048x1356.jpg 2048w\" sizes=\"auto, (max-width: 2560px) 100vw, 2560px\" \/><span aria-hidden=\"true\" class=\"wp-block-cover__background has-background-dim-30 has-background-dim\" style=\"background-color:#212122\"><\/span><div class=\"wp-block-cover__inner-container has-global-padding is-layout-constrained wp-container-core-cover-is-layout-ee51f2d2 wp-block-cover-is-layout-constrained\">\n<div class=\"wp-block-buttons is-layout-flex wp-container-core-buttons-is-layout-45b20515 wp-block-buttons-is-layout-flex\">\n<div class=\"wp-block-button is-style-fill\"><a class=\"wp-block-button__link has-text-color has-background has-link-color wp-element-button\" href=\"https:\/\/www.fcpelikarhut.fi\/index.php\/joukkueet\/\" style=\"border-style:none;border-width:0px;border-radius:100px;color:#ffffff;background-color:#c31032\">Takaisin<\/a><\/div>\n<\/div>\n\n\n\n<div style=\"height:58px\" aria-hidden=\"true\" class=\"wp-block-spacer\"><\/div>\n\n\n\n<div class=\"wp-block-group alignwide is-vertical is-content-justification-center is-layout-flex wp-container-core-group-is-layout-5e763914 wp-block-group-is-layout-flex\" style=\"min-height:8rem\">\n<div class=\"wp-block-group has-global-padding is-layout-constrained wp-container-core-group-is-layout-bea02a06 wp-block-group-is-layout-constrained\">\n<h2 class=\"wp-block-heading has-text-align-center has-text-color\" style=\"color:#ffffff;margin-top:0rem;margin-bottom:1.01rem;font-size:clamp(2.071rem, 2.071rem + ((1vw - 0.2rem) * 2.98), 3.71rem);font-style:normal;font-weight:400;line-height:1;text-transform:none\">Tenavafutis<\/h2>\n<\/div>\n<\/div>\n<\/div><\/div>\n\n\n\n<h3 class=\"wp-block-heading has-text-color\" style=\"color:#07277c;font-size:clamp(1.556rem, 1.556rem + ((1vw - 0.2rem) * 1.916), 2.61rem);font-style:normal;font-weight:500;letter-spacing:0px;line-height:1.3;text-transform:none\">Tenavafutis<\/h3>\n\n\n\n<div class=\"wp-block-group has-global-padding is-layout-constrained wp-block-group-is-layout-constrained\">\n<div class=\"wp-block-columns is-layout-flex wp-container-core-columns-is-layout-28f84493 wp-block-columns-is-layout-flex\">\n<div class=\"wp-block-column is-layout-flow wp-block-column-is-layout-flow\">\n<p>Tenavafutis on lapsen ja vanhemman yhteinen, suosittu harrastus, jossa nautitaan liikunnasta monipuolisesti ja turvallisesti ilman suorituspaineita. Toiminta on yhteist\u00e4 oppimista ja oivaltamista kiireett\u00f6m\u00e4ss\u00e4 ilmapiiriss\u00e4.<\/p>\n<\/div>\n\n\n\n<div class=\"wp-block-column is-layout-flow wp-block-column-is-layout-flow\">\n<div class=\"wp-block-group is-vertical is-layout-flex wp-container-core-group-is-layout-fe9cc265 wp-block-group-is-layout-flex\">\n<div class=\"wp-block-buttons is-layout-flex wp-block-buttons-is-layout-flex\">\n<div class=\"wp-block-button is-style-fill\"><a class=\"wp-block-button__link has-text-color has-background has-link-color has-custom-font-size wp-element-button\" style=\"border-width:1px;border-radius:2.5rem;color:#ffffff;background-color:#c31032;padding-top:0.3rem;padding-right:0.81rem;padding-bottom:0.3rem;padding-left:0.81rem;font-size:clamp(0.875rem, 0.875rem + ((1vw - 0.2rem) * 0.591), 1.2rem);font-style:normal;font-weight:400;line-height:1;text-transform:capitalize\">Yhteystiedot:<\/a><\/div>\n<\/div>\n<\/div>\n\n\n\n<p>Anna Sihvola puh. 050 356 4365<\/p>\n<\/div>\n<\/div>\n<\/div>\n","protected":false},"excerpt":{"rendered":"<p>Tenavafutis Tenavafutis on lapsen ja vanhemman yhteinen, suosittu harrastus, jossa nautitaan liikunnasta monipuolisesti ja turvallisesti ilman suorituspaineita. Toiminta on yhteist\u00e4 oppimista ja oivaltamista kiireett\u00f6m\u00e4ss\u00e4 ilmapiiriss\u00e4. Anna Sihvola puh. 050 356 4365<\/p>\n","protected":false},"author":1,"featured_media":0,"parent":0,"menu_order":0,"comment_status":"closed","ping_status":"closed","template":"","meta":{"footnotes":""},"class_list":["post-325","page","type-page","status-publish","hentry"],"_links":{"self":[{"href":"https:\/\/www.fcpelikarhut.fi\/index.php\/wp-json\/wp\/v2\/pages\/325","targetHints":{"allow":["GET"]}}],"collection":[{"href":"https:\/\/www.fcpelikarhut.fi\/index.php\/wp-json\/wp\/v2\/pages"}],"about":[{"href":"https:\/\/www.fcpelikarhut.fi\/index.php\/wp-json\/wp\/v2\/types\/page"}],"author":[{"embeddable":true,"href":"https:\/\/www.fcpelikarhut.fi\/index.php\/wp-json\/wp\/v2\/users\/1"}],"replies":[{"embeddable":true,"href":"https:\/\/www.fcpelikarhut.fi\/index.php\/wp-json\/wp\/v2\/comments?post=325"}],"version-history":[{"count":17,"href":"https:\/\/www.fcpelikarhut.fi\/index.php\/wp-json\/wp\/v2\/pages\/325\/revisions"}],"predecessor-version":[{"id":1248,"href":"https:\/\/www.fcpelikarhut.fi\/index.php\/wp-json\/wp\/v2\/pages\/325\/revisions\/1248"}],"wp:attachment":[{"href":"https:\/\/www.fcpelikarhut.fi\/index.php\/wp-json\/wp\/v2\/media?parent=325"}],"curies":[{"name":"wp","href":"https:\/\/api.w.org\/{rel}","templated":true}]}}