{"id":331,"date":"2024-08-29T12:21:26","date_gmt":"2024-08-29T10:21:26","guid":{"rendered":"https:\/\/www.fcpelikarhut.fi\/?page_id=331"},"modified":"2026-01-26T18:30:15","modified_gmt":"2026-01-26T16:30:15","slug":"nuorten-joukkueet-2015-2016","status":"publish","type":"page","link":"https:\/\/www.fcpelikarhut.fi\/index.php\/nuorten-joukkueet-2015-2016\/","title":{"rendered":"Nuorten Joukkueet &#8211; 2015\/2016"},"content":{"rendered":"\n<div class=\"wp-block-cover alignfull\" style=\"padding-top:2%;min-height:30rem;aspect-ratio:unset;\"><img loading=\"lazy\" decoding=\"async\" width=\"1024\" height=\"396\" class=\"wp-block-cover__image-background wp-image-1144 size-large\" alt=\"\" src=\"https:\/\/www.fcpelikarhut.fi\/wp-content\/uploads\/2025\/06\/NMT_6562-1024x396.jpg\" data-object-fit=\"cover\" srcset=\"https:\/\/www.fcpelikarhut.fi\/wp-content\/uploads\/2025\/06\/NMT_6562-1024x396.jpg 1024w, https:\/\/www.fcpelikarhut.fi\/wp-content\/uploads\/2025\/06\/NMT_6562-300x116.jpg 300w, https:\/\/www.fcpelikarhut.fi\/wp-content\/uploads\/2025\/06\/NMT_6562-768x297.jpg 768w, https:\/\/www.fcpelikarhut.fi\/wp-content\/uploads\/2025\/06\/NMT_6562-1536x594.jpg 1536w, https:\/\/www.fcpelikarhut.fi\/wp-content\/uploads\/2025\/06\/NMT_6562-2048x792.jpg 2048w\" sizes=\"auto, (max-width: 1024px) 100vw, 1024px\" \/><span aria-hidden=\"true\" class=\"wp-block-cover__background has-background-dim-30 has-background-dim\" style=\"background-color:#212122\"><\/span><div class=\"wp-block-cover__inner-container has-global-padding is-layout-constrained wp-container-core-cover-is-layout-ee51f2d2 wp-block-cover-is-layout-constrained\">\n<div style=\"height:100px\" aria-hidden=\"true\" class=\"wp-block-spacer\"><\/div>\n\n\n\n<div class=\"wp-block-group alignwide is-vertical is-content-justification-center is-layout-flex wp-container-core-group-is-layout-5e763914 wp-block-group-is-layout-flex\" style=\"min-height:8rem\">\n<div class=\"wp-block-group has-global-padding is-layout-constrained wp-container-core-group-is-layout-bea02a06 wp-block-group-is-layout-constrained\">\n<h2 class=\"wp-block-heading has-text-align-center has-text-color\" style=\"color:#ffffff;margin-top:0rem;margin-bottom:1.01rem;font-size:clamp(2.071rem, 2.071rem + ((1vw - 0.2rem) * 2.98), 3.71rem);font-style:normal;font-weight:400;line-height:1;text-transform:capitalize\">2015\/2016<\/h2>\n<\/div>\n<\/div>\n<\/div><\/div>\n\n\n\n<div class=\"wp-block-group alignfull has-global-padding is-layout-constrained wp-block-group-is-layout-constrained\">\n<div class=\"wp-block-columns alignwide is-layout-flex wp-container-core-columns-is-layout-db2df21c wp-block-columns-is-layout-flex\" style=\"margin-bottom:0px\">\n<div class=\"wp-block-column is-layout-flow wp-block-column-is-layout-flow\">\n<div class=\"wp-block-group is-vertical is-content-justification-left is-layout-flex wp-container-core-group-is-layout-c5d44cae wp-block-group-is-layout-flex\" style=\"min-height:100%\">\n<div class=\"wp-block-group has-global-padding is-content-justification-center is-layout-constrained wp-container-core-group-is-layout-b15c80d6 wp-block-group-is-layout-constrained\">\n<h3 class=\"wp-block-heading has-text-align-left has-text-color\" style=\"color:#07277c;margin-top:0.5rem;margin-bottom:1.01rem;font-size:clamp(1.556rem, 1.556rem + ((1vw - 0.2rem) * 1.916), 2.61rem);font-style:normal;font-weight:500;letter-spacing:0px;line-height:1.3;text-transform:capitalize\">2015\/2016 Joukkue<\/h3>\n\n\n\n<p>PeKan toiseksi nuorin juniorijoukkue koostuu v. 2015 ja 2016 syntyneist\u00e4 pelaajista. Joukkueessa on 29 nuorta futaajaa. kaudella 2026 molemmat ik\u00e4luokat pelaavat 8 vs 8 pelej\u00e4.\u200b<\/p>\n\n\n\n<p>Mukaan mahtuu hyvin viel\u00e4 uusia pelaajiakin!<\/p>\n<\/div>\n<\/div>\n<\/div>\n\n\n\n<div class=\"wp-block-column has-global-padding is-content-justification-left is-layout-constrained wp-container-core-column-is-layout-12dd3699 wp-block-column-is-layout-constrained\" style=\"flex-basis:45%\">\n<div class=\"wp-block-group is-vertical is-layout-flex wp-container-core-group-is-layout-2d729e81 wp-block-group-is-layout-flex\">\n<div class=\"wp-block-buttons is-content-justification-center is-layout-flex wp-container-core-buttons-is-layout-b5994976 wp-block-buttons-is-layout-flex\">\n<div class=\"wp-block-button is-style-fill\"><a class=\"wp-block-button__link has-text-color has-background has-custom-font-size wp-element-button\" style=\"border-width:1px;border-radius:2.5rem;color:#ffffff;background-color:#c31032;padding-top:0.3rem;padding-right:0.81rem;padding-bottom:0.3rem;padding-left:0.81rem;font-size:clamp(0.875rem, 0.875rem + ((1vw - 0.2rem) * 0.591), 1.2rem);font-style:normal;font-weight:400;line-height:1;text-transform:capitalize\">Yhteystiedot<\/a><\/div>\n<\/div>\n\n\n\n<div class=\"wp-block-buttons is-layout-flex wp-container-core-buttons-is-layout-45b20515 wp-block-buttons-is-layout-flex\">\n<div class=\"wp-block-button is-style-fill\"><a class=\"wp-block-button__link has-text-color has-background has-link-color wp-element-button\" href=\"https:\/\/www.fcpelikarhut.fi\/index.php\/nuorten-joukkueet\/\" style=\"border-style:none;border-width:0px;border-radius:100px;color:#ffffff;background-color:#c31032\">Takaisin<\/a><\/div>\n\n\n<\/div>\n<\/div>\n\n\n\n<p><strong>Vastuuvalmentaja:<\/strong> Tomi Kelkka<\/p>\n\n\n\n<p><strong>Valmentajat:<\/strong> Pia Akkila, Marika Andersen, Jan Gylden, Tuomo Kilpi<\/p>\n\n\n\n<p><strong>Joukkueenjohtaja 2015 synt.: <\/strong>Hanna Juntunen p. 040 828 7199<\/p>\n\n\n\n<p><strong>Joukkueenjohtaja 2016 synt.:<\/strong> Maaria P\u00e4ivinen p. 041 490 1420<\/p>\n<\/div>\n<\/div>\n<\/div>\n\n\n\n<figure class=\"wp-block-gallery has-nested-images columns-default is-cropped wp-block-gallery-1 is-layout-flex wp-block-gallery-is-layout-flex\">\n<figure class=\"wp-block-image size-large\"><img loading=\"lazy\" decoding=\"async\" width=\"1024\" height=\"678\" data-id=\"1138\" src=\"https:\/\/www.fcpelikarhut.fi\/wp-content\/uploads\/2025\/06\/Peka_P_10_3-1024x678.jpg\" alt=\"\" class=\"wp-image-1138\" srcset=\"https:\/\/www.fcpelikarhut.fi\/wp-content\/uploads\/2025\/06\/Peka_P_10_3-1024x678.jpg 1024w, https:\/\/www.fcpelikarhut.fi\/wp-content\/uploads\/2025\/06\/Peka_P_10_3-300x199.jpg 300w, https:\/\/www.fcpelikarhut.fi\/wp-content\/uploads\/2025\/06\/Peka_P_10_3-768x509.jpg 768w, https:\/\/www.fcpelikarhut.fi\/wp-content\/uploads\/2025\/06\/Peka_P_10_3-1536x1017.jpg 1536w, https:\/\/www.fcpelikarhut.fi\/wp-content\/uploads\/2025\/06\/Peka_P_10_3-2048x1356.jpg 2048w\" sizes=\"auto, (max-width: 1024px) 100vw, 1024px\" \/><figcaption class=\"wp-element-caption\">P10<\/figcaption><\/figure>\n\n\n\n<figure class=\"wp-block-image size-large\"><img loading=\"lazy\" decoding=\"async\" width=\"1024\" height=\"678\" data-id=\"1139\" src=\"https:\/\/www.fcpelikarhut.fi\/wp-content\/uploads\/2025\/06\/Peka_P_09-1024x678.jpg\" alt=\"\" class=\"wp-image-1139\" srcset=\"https:\/\/www.fcpelikarhut.fi\/wp-content\/uploads\/2025\/06\/Peka_P_09-1024x678.jpg 1024w, https:\/\/www.fcpelikarhut.fi\/wp-content\/uploads\/2025\/06\/Peka_P_09-300x199.jpg 300w, https:\/\/www.fcpelikarhut.fi\/wp-content\/uploads\/2025\/06\/Peka_P_09-768x509.jpg 768w, https:\/\/www.fcpelikarhut.fi\/wp-content\/uploads\/2025\/06\/Peka_P_09-1536x1017.jpg 1536w, https:\/\/www.fcpelikarhut.fi\/wp-content\/uploads\/2025\/06\/Peka_P_09-2048x1356.jpg 2048w\" sizes=\"auto, (max-width: 1024px) 100vw, 1024px\" \/><figcaption class=\"wp-element-caption\">P09<\/figcaption><\/figure>\n<\/figure>\n","protected":false},"excerpt":{"rendered":"<p>2015\/2016 Joukkue PeKan toiseksi nuorin juniorijoukkue koostuu v. 2015 ja 2016 syntyneist\u00e4 pelaajista. Joukkueessa on 29 nuorta futaajaa. kaudella 2026 molemmat ik\u00e4luokat pelaavat 8 vs 8 pelej\u00e4.\u200b Mukaan mahtuu hyvin viel\u00e4 uusia pelaajiakin! Vastuuvalmentaja: Tomi Kelkka Valmentajat: Pia Akkila, Marika Andersen, Jan Gylden, Tuomo Kilpi Joukkueenjohtaja 2015 synt.: Hanna Juntunen p. 040 828 7199 Joukkueenjohtaja [&hellip;]<\/p>\n","protected":false},"author":1,"featured_media":0,"parent":0,"menu_order":0,"comment_status":"closed","ping_status":"closed","template":"","meta":{"footnotes":""},"class_list":["post-331","page","type-page","status-publish","hentry"],"_links":{"self":[{"href":"https:\/\/www.fcpelikarhut.fi\/index.php\/wp-json\/wp\/v2\/pages\/331","targetHints":{"allow":["GET"]}}],"collection":[{"href":"https:\/\/www.fcpelikarhut.fi\/index.php\/wp-json\/wp\/v2\/pages"}],"about":[{"href":"https:\/\/www.fcpelikarhut.fi\/index.php\/wp-json\/wp\/v2\/types\/page"}],"author":[{"embeddable":true,"href":"https:\/\/www.fcpelikarhut.fi\/index.php\/wp-json\/wp\/v2\/users\/1"}],"replies":[{"embeddable":true,"href":"https:\/\/www.fcpelikarhut.fi\/index.php\/wp-json\/wp\/v2\/comments?post=331"}],"version-history":[{"count":20,"href":"https:\/\/www.fcpelikarhut.fi\/index.php\/wp-json\/wp\/v2\/pages\/331\/revisions"}],"predecessor-version":[{"id":1227,"href":"https:\/\/www.fcpelikarhut.fi\/index.php\/wp-json\/wp\/v2\/pages\/331\/revisions\/1227"}],"wp:attachment":[{"href":"https:\/\/www.fcpelikarhut.fi\/index.php\/wp-json\/wp\/v2\/media?parent=331"}],"curies":[{"name":"wp","href":"https:\/\/api.w.org\/{rel}","templated":true}]}}