{"id":349,"date":"2024-08-29T12:47:49","date_gmt":"2024-08-29T10:47:49","guid":{"rendered":"https:\/\/www.fcpelikarhut.fi\/?page_id=349"},"modified":"2026-02-16T22:11:50","modified_gmt":"2026-02-16T20:11:50","slug":"nuorten-joukkueet-2013-2014","status":"publish","type":"page","link":"https:\/\/www.fcpelikarhut.fi\/index.php\/nuorten-joukkueet-2013-2014\/","title":{"rendered":"Nuorten Joukkueet &#8211; 2013\/2014"},"content":{"rendered":"\n<div class=\"wp-block-cover alignfull\" style=\"padding-top:2%;min-height:30rem;aspect-ratio:unset;\"><img loading=\"lazy\" decoding=\"async\" width=\"1024\" height=\"678\" class=\"wp-block-cover__image-background wp-image-1075 size-large\" alt=\"\" src=\"https:\/\/www.fcpelikarhut.fi\/wp-content\/uploads\/2025\/06\/NMT_6251-1024x678.jpg\" data-object-fit=\"cover\" srcset=\"https:\/\/www.fcpelikarhut.fi\/wp-content\/uploads\/2025\/06\/NMT_6251-1024x678.jpg 1024w, https:\/\/www.fcpelikarhut.fi\/wp-content\/uploads\/2025\/06\/NMT_6251-300x199.jpg 300w, https:\/\/www.fcpelikarhut.fi\/wp-content\/uploads\/2025\/06\/NMT_6251-768x509.jpg 768w, https:\/\/www.fcpelikarhut.fi\/wp-content\/uploads\/2025\/06\/NMT_6251-1536x1017.jpg 1536w, https:\/\/www.fcpelikarhut.fi\/wp-content\/uploads\/2025\/06\/NMT_6251-2048x1356.jpg 2048w\" sizes=\"auto, (max-width: 1024px) 100vw, 1024px\" \/><span aria-hidden=\"true\" class=\"wp-block-cover__background has-background-dim-30 has-background-dim\" style=\"background-color:#212122\"><\/span><div class=\"wp-block-cover__inner-container has-global-padding is-layout-constrained wp-container-core-cover-is-layout-ee51f2d2 wp-block-cover-is-layout-constrained\">\n<div class=\"wp-block-buttons is-layout-flex wp-container-core-buttons-is-layout-45b20515 wp-block-buttons-is-layout-flex\">\n<div class=\"wp-block-button is-style-fill\"><a class=\"wp-block-button__link has-text-color has-background has-link-color wp-element-button\" href=\"https:\/\/www.fcpelikarhut.fi\/index.php\/nuorten-joukkueet\/\" style=\"border-style:none;border-width:0px;border-radius:100px;color:#ffffff;background-color:#c31032\">Takaisin<\/a><\/div>\n<\/div>\n\n\n\n<div style=\"height:100px\" aria-hidden=\"true\" class=\"wp-block-spacer\"><\/div>\n\n\n\n<div class=\"wp-block-group alignwide is-vertical is-content-justification-center is-layout-flex wp-container-core-group-is-layout-5e763914 wp-block-group-is-layout-flex\" style=\"min-height:8rem\">\n<div class=\"wp-block-group has-global-padding is-layout-constrained wp-container-core-group-is-layout-bea02a06 wp-block-group-is-layout-constrained\">\n<h2 class=\"wp-block-heading has-text-align-center has-text-color\" style=\"color:#ffffff;margin-top:0rem;margin-bottom:1.01rem;font-size:clamp(2.071rem, 2.071rem + ((1vw - 0.2rem) * 2.98), 3.71rem);font-style:normal;font-weight:400;line-height:1;text-transform:capitalize\">2013\/2014<\/h2>\n<\/div>\n<\/div>\n<\/div><\/div>\n\n\n\n<div class=\"wp-block-group alignfull has-global-padding is-layout-constrained wp-block-group-is-layout-constrained\">\n<div class=\"wp-block-columns alignwide is-layout-flex wp-container-core-columns-is-layout-db2df21c wp-block-columns-is-layout-flex\" style=\"margin-bottom:0px\">\n<div class=\"wp-block-column is-layout-flow wp-block-column-is-layout-flow\">\n<div class=\"wp-block-group is-vertical is-content-justification-left is-layout-flex wp-container-core-group-is-layout-c5d44cae wp-block-group-is-layout-flex\" style=\"min-height:100%\">\n<div class=\"wp-block-group has-global-padding is-content-justification-center is-layout-constrained wp-container-core-group-is-layout-b15c80d6 wp-block-group-is-layout-constrained\">\n<h3 class=\"wp-block-heading has-text-align-left has-text-color\" style=\"color:#07277c;margin-top:0.5rem;margin-bottom:1.01rem;font-size:clamp(1.556rem, 1.556rem + ((1vw - 0.2rem) * 1.916), 2.61rem);font-style:normal;font-weight:500;letter-spacing:0px;line-height:1.3;text-transform:capitalize\">2013\/2014 Joukkue<\/h3>\n\n\n\n<figure class=\"wp-block-image size-large\"><img loading=\"lazy\" decoding=\"async\" width=\"1024\" height=\"576\" src=\"https:\/\/www.fcpelikarhut.fi\/wp-content\/uploads\/2025\/06\/DSC_4491_P11_22-1024x576.jpg\" alt=\"\" class=\"wp-image-1083\" srcset=\"https:\/\/www.fcpelikarhut.fi\/wp-content\/uploads\/2025\/06\/DSC_4491_P11_22-1024x576.jpg 1024w, https:\/\/www.fcpelikarhut.fi\/wp-content\/uploads\/2025\/06\/DSC_4491_P11_22-300x169.jpg 300w, https:\/\/www.fcpelikarhut.fi\/wp-content\/uploads\/2025\/06\/DSC_4491_P11_22-768x432.jpg 768w, https:\/\/www.fcpelikarhut.fi\/wp-content\/uploads\/2025\/06\/DSC_4491_P11_22-1536x864.jpg 1536w, https:\/\/www.fcpelikarhut.fi\/wp-content\/uploads\/2025\/06\/DSC_4491_P11_22-2048x1152.jpg 2048w\" sizes=\"auto, (max-width: 1024px) 100vw, 1024px\" \/><\/figure>\n\n\n\n<p>FC PeKan P12\/P13 joukkueessa on yhteens\u00e4 30 pelaajaa. Joukkueella on harjoitukset kolme kertaa viikossa.<\/p>\n\n\n\n<p>Talvikaudella harjoitellaan Ruonalan urheiluhallissa ja Karhulan alueen kouluissa. Kes\u00e4kaudella harjoitellaan Karhulan alueen ulkokentill\u00e4.<\/p>\n\n\n\n<p>Kaudella 2026 joukkue osallistuu kahdella joukkueella Palloliiton etel\u00e4iseen sarjaan &#8211; kolmoseen ja vitoseen. Lis\u00e4ksi pelikokemusta haetaan  l\u00e4hialueiden jalkapalloturnauksista.<\/p>\n\n\n\n<p>Joukkueeseen mahtuu hyvin mukaan uusia jalkapallosta kiinnostuneita nuoria &#8211; lis\u00e4tietoa voi kysy\u00e4 joukkueenjohtajaltamme.<\/p>\n<\/div>\n<\/div>\n<\/div>\n\n\n\n<div class=\"wp-block-column has-global-padding is-content-justification-left is-layout-constrained wp-container-core-column-is-layout-12dd3699 wp-block-column-is-layout-constrained\" style=\"flex-basis:45%\">\n<div class=\"wp-block-group is-vertical is-layout-flex wp-container-core-group-is-layout-2d729e81 wp-block-group-is-layout-flex\">\n<div class=\"wp-block-buttons is-content-justification-center is-layout-flex wp-container-core-buttons-is-layout-b5994976 wp-block-buttons-is-layout-flex\">\n<div class=\"wp-block-button is-style-fill\"><a class=\"wp-block-button__link has-text-color has-background has-custom-font-size wp-element-button\" style=\"border-width:1px;border-radius:2.5rem;color:#ffffff;background-color:#c31032;padding-top:0.3rem;padding-right:0.81rem;padding-bottom:0.3rem;padding-left:0.81rem;font-size:clamp(0.875rem, 0.875rem + ((1vw - 0.2rem) * 0.591), 1.2rem);font-style:normal;font-weight:400;line-height:1;text-transform:capitalize\">Yhteystiedot<\/a><\/div>\n<\/div>\n<\/div>\n\n\n\n<p><strong>Vastuuvalmentaja:<\/strong> Perttu Ylinen<\/p>\n\n\n\n<p><strong>Valmentajat:<\/strong> Markus J\u00e4\u00e4skel\u00e4inen, Aada Niskanen, Marko Sepp\u00e4, Pasi Sihvola ja Anna Suortti<\/p>\n\n\n\n<p><strong>Joukkueenjohtaja: <\/strong>P\u00e4ivi Ylinen p. 045 883 0881<\/p>\n<\/div>\n<\/div>\n<\/div>\n","protected":false},"excerpt":{"rendered":"<p>2013\/2014 Joukkue FC PeKan P12\/P13 joukkueessa on yhteens\u00e4 30 pelaajaa. Joukkueella on harjoitukset kolme kertaa viikossa. Talvikaudella harjoitellaan Ruonalan urheiluhallissa ja Karhulan alueen kouluissa. Kes\u00e4kaudella harjoitellaan Karhulan alueen ulkokentill\u00e4. Kaudella 2026 joukkue osallistuu kahdella joukkueella Palloliiton etel\u00e4iseen sarjaan &#8211; kolmoseen ja vitoseen. Lis\u00e4ksi pelikokemusta haetaan l\u00e4hialueiden jalkapalloturnauksista. Joukkueeseen mahtuu hyvin mukaan uusia jalkapallosta kiinnostuneita nuoria [&hellip;]<\/p>\n","protected":false},"author":1,"featured_media":0,"parent":0,"menu_order":0,"comment_status":"closed","ping_status":"closed","template":"","meta":{"footnotes":""},"class_list":["post-349","page","type-page","status-publish","hentry"],"_links":{"self":[{"href":"https:\/\/www.fcpelikarhut.fi\/index.php\/wp-json\/wp\/v2\/pages\/349","targetHints":{"allow":["GET"]}}],"collection":[{"href":"https:\/\/www.fcpelikarhut.fi\/index.php\/wp-json\/wp\/v2\/pages"}],"about":[{"href":"https:\/\/www.fcpelikarhut.fi\/index.php\/wp-json\/wp\/v2\/types\/page"}],"author":[{"embeddable":true,"href":"https:\/\/www.fcpelikarhut.fi\/index.php\/wp-json\/wp\/v2\/users\/1"}],"replies":[{"embeddable":true,"href":"https:\/\/www.fcpelikarhut.fi\/index.php\/wp-json\/wp\/v2\/comments?post=349"}],"version-history":[{"count":18,"href":"https:\/\/www.fcpelikarhut.fi\/index.php\/wp-json\/wp\/v2\/pages\/349\/revisions"}],"predecessor-version":[{"id":1350,"href":"https:\/\/www.fcpelikarhut.fi\/index.php\/wp-json\/wp\/v2\/pages\/349\/revisions\/1350"}],"wp:attachment":[{"href":"https:\/\/www.fcpelikarhut.fi\/index.php\/wp-json\/wp\/v2\/media?parent=349"}],"curies":[{"name":"wp","href":"https:\/\/api.w.org\/{rel}","templated":true}]}}