{"id":375,"date":"2024-09-03T09:15:07","date_gmt":"2024-09-03T07:15:07","guid":{"rendered":"https:\/\/www.fcpelikarhut.fi\/?page_id=375"},"modified":"2026-04-12T19:38:04","modified_gmt":"2026-04-12T17:38:04","slug":"kausimaksut","status":"publish","type":"page","link":"https:\/\/www.fcpelikarhut.fi\/index.php\/kausimaksut\/","title":{"rendered":"Kausimaksut"},"content":{"rendered":"\n<div class=\"wp-block-group alignfull has-global-padding is-layout-constrained wp-block-group-is-layout-constrained\">\n<div style=\"height:100px\" aria-hidden=\"true\" class=\"wp-block-spacer\"><\/div>\n\n\n\n<div class=\"wp-block-columns alignwide is-layout-flex wp-container-core-columns-is-layout-28f84493 wp-block-columns-is-layout-flex\">\n<div class=\"wp-block-column is-layout-flow wp-block-column-is-layout-flow\" style=\"flex-basis:33.33%\">\n<div class=\"wp-block-buttons is-horizontal is-content-justification-right is-layout-flex wp-container-core-buttons-is-layout-e5324bbf wp-block-buttons-is-layout-flex\" style=\"margin-top:0.21rem\">\n<div class=\"wp-block-button has-custom-width wp-block-button__width-100 is-style-fill\"><a class=\"wp-block-button__link has-text-color has-background has-custom-font-size wp-element-button\" href=\"https:\/\/www.fcpelikarhut.fi\/index.php\/tietoa-seurasta\/\" style=\"border-width:1px;border-radius:2.5rem;color:#ffffff;background-color:#c31032;padding-top:0.3rem;padding-right:0.81rem;padding-bottom:0.3rem;padding-left:0.81rem;font-size:clamp(0.875rem, 0.875rem + ((1vw - 0.2rem) * 0.609), 1.21rem);font-style:normal;font-weight:400;line-height:1;text-transform:capitalize\">Tietoa Seurasta<\/a><\/div>\n\n\n\n<div class=\"wp-block-button has-custom-width wp-block-button__width-100 is-style-fill\"><a class=\"wp-block-button__link has-text-color has-background has-custom-font-size wp-element-button\" href=\"https:\/\/www.fcpelikarhut.fi\/index.php\/kausimaksut\/\" style=\"border-width:1px;border-radius:2.5rem;color:#ffffff;background-color:#c31032;padding-top:0.3rem;padding-right:0.81rem;padding-bottom:0.3rem;padding-left:0.81rem;font-size:clamp(0.875rem, 0.875rem + ((1vw - 0.2rem) * 0.609), 1.21rem);font-style:normal;font-weight:400;line-height:1;text-transform:capitalize\">Kausimaksut<\/a><\/div>\n\n\n\n<div class=\"wp-block-button has-custom-width wp-block-button__width-100 is-style-fill\"><a class=\"wp-block-button__link has-text-color has-background has-custom-font-size wp-element-button\" href=\"https:\/\/www.fcpelikarhut.fi\/index.php\/tietoa-seurasta\/kausijulkaisut\/\" style=\"border-width:1px;border-radius:2.5rem;color:#ffffff;background-color:#c31032;padding-top:0.3rem;padding-right:0.81rem;padding-bottom:0.3rem;padding-left:0.81rem;font-size:clamp(0.875rem, 0.875rem + ((1vw - 0.2rem) * 0.591), 1.2rem);font-style:normal;font-weight:400;line-height:1;text-transform:capitalize\">Kausijulkaisut<\/a><\/div>\n\n\n\n<div class=\"wp-block-button has-custom-width wp-block-button__width-100 is-style-fill\"><a class=\"wp-block-button__link has-text-color has-background has-custom-font-size wp-element-button\" href=\"https:\/\/www.fcpelikarhut.fi\/index.php\/tietoa-seurasta\/seuran-historiaa\/\" style=\"border-width:1px;border-radius:2.5rem;color:#ffffff;background-color:#c31032;padding-top:0.3rem;padding-right:0.81rem;padding-bottom:0.3rem;padding-left:0.81rem;font-size:clamp(0.875rem, 0.875rem + ((1vw - 0.2rem) * 0.609), 1.21rem);font-style:normal;font-weight:400;line-height:1;text-transform:capitalize\">Seuran Historia<\/a><\/div>\n<\/div>\n\n\n\n<figure class=\"wp-block-image size-large\"><img loading=\"lazy\" decoding=\"async\" width=\"1024\" height=\"678\" src=\"https:\/\/www.fcpelikarhut.fi\/wp-content\/uploads\/2024\/07\/NMT_3290-1024x678.jpg\" alt=\"\" class=\"wp-image-71\" srcset=\"https:\/\/www.fcpelikarhut.fi\/wp-content\/uploads\/2024\/07\/NMT_3290-1024x678.jpg 1024w, https:\/\/www.fcpelikarhut.fi\/wp-content\/uploads\/2024\/07\/NMT_3290-300x199.jpg 300w, https:\/\/www.fcpelikarhut.fi\/wp-content\/uploads\/2024\/07\/NMT_3290-768x509.jpg 768w, https:\/\/www.fcpelikarhut.fi\/wp-content\/uploads\/2024\/07\/NMT_3290.jpg 1472w\" sizes=\"auto, (max-width: 1024px) 100vw, 1024px\" \/><\/figure>\n<\/div>\n\n\n\n<div class=\"wp-block-column is-layout-flow wp-block-column-is-layout-flow\" style=\"flex-basis:66.66%\">\n<div class=\"wp-block-group is-vertical is-content-justification-left is-layout-flex wp-container-core-group-is-layout-16b767e8 wp-block-group-is-layout-flex\" style=\"min-height:100%\">\n<div class=\"wp-block-group has-global-padding is-content-justification-center is-layout-constrained wp-container-core-group-is-layout-b15c80d6 wp-block-group-is-layout-constrained\">\n<h3 class=\"wp-block-heading has-text-align-left has-text-color\" style=\"color:#07277c;margin-top:0.5rem;margin-bottom:1.01rem;font-size:clamp(1.556rem, 1.556rem + ((1vw - 0.2rem) * 1.916), 2.61rem);font-style:normal;font-weight:500;letter-spacing:0px;line-height:1.3;text-transform:capitalize\">Kausimaksut 2026<\/h3>\n\n\n\n<p>Vuoden 2026 j\u00e4senmaksu ja kausimaksut ovat vahvistettu seuran syyskokouksessa:<\/p>\n\n\n\n<ul class=\"wp-block-list\">\n<li>seuran j\u00e4senmaksu 20,00 euroa<\/li>\n\n\n\n<li>Junioripelaajien kausimaksut j\u00e4senille:\n<ul class=\"wp-block-list\">\n<li>aloittava ik\u00e4luokka 110,00 euroa\/vuosi (toiminta alkaa 05\/2026)<\/li>\n\n\n\n<li>v. 2015 ja my\u00f6hemmin syntyneet 280,00 euroa\/vuosi<\/li>\n\n\n\n<li>v. 2014 ja aiemmin syntyneet 380,00 euroa\/vuosi<\/li>\n\n\n\n<li>Kausimaksuun sis\u00e4ltyy Puman pelipaita<\/li>\n<\/ul>\n<\/li>\n\n\n\n<li>Aikuispelaajan seuramaksu j\u00e4senille 40,00 euroa\/vuosi<\/li>\n<\/ul>\n\n\n\n<ul class=\"wp-block-list\">\n<li>Seuralla on k\u00e4yt\u00f6ss\u00e4  junioripelaajien sisaralennukset seuraavasti:\n<ul class=\"wp-block-list\">\n<li>Alennukseen ovat oikeutettuja vain seuran j\u00e4senet.<\/li>\n\n\n\n<li>Alennukseen on oikeutettu perheen nuorempi\/nuoremmat pelaajat. Perheen vanhin pelaajan maksaa kausimaksun t\u00e4ysim\u00e4\u00e4r\u00e4isen\u00e4.<\/li>\n\n\n\n<li>Alennuksen suuruus on v. 2014 ja aiemmin syntyneille 80,00 euroa\/vuosi ja v. 2015 ja my\u00f6hemmin syntyneille 50,00 euroa\/vuosi.<\/li>\n<\/ul>\n<\/li>\n<\/ul>\n<\/div>\n<\/div>\n<\/div>\n<\/div>\n\n\n\n<div style=\"height:100px\" aria-hidden=\"true\" class=\"wp-block-spacer\"><\/div>\n<\/div>\n","protected":false},"excerpt":{"rendered":"<p>Kausimaksut 2026 Vuoden 2026 j\u00e4senmaksu ja kausimaksut ovat vahvistettu seuran syyskokouksessa:<\/p>\n","protected":false},"author":1,"featured_media":0,"parent":0,"menu_order":0,"comment_status":"closed","ping_status":"closed","template":"","meta":{"footnotes":""},"class_list":["post-375","page","type-page","status-publish","hentry"],"_links":{"self":[{"href":"https:\/\/www.fcpelikarhut.fi\/index.php\/wp-json\/wp\/v2\/pages\/375","targetHints":{"allow":["GET"]}}],"collection":[{"href":"https:\/\/www.fcpelikarhut.fi\/index.php\/wp-json\/wp\/v2\/pages"}],"about":[{"href":"https:\/\/www.fcpelikarhut.fi\/index.php\/wp-json\/wp\/v2\/types\/page"}],"author":[{"embeddable":true,"href":"https:\/\/www.fcpelikarhut.fi\/index.php\/wp-json\/wp\/v2\/users\/1"}],"replies":[{"embeddable":true,"href":"https:\/\/www.fcpelikarhut.fi\/index.php\/wp-json\/wp\/v2\/comments?post=375"}],"version-history":[{"count":15,"href":"https:\/\/www.fcpelikarhut.fi\/index.php\/wp-json\/wp\/v2\/pages\/375\/revisions"}],"predecessor-version":[{"id":1430,"href":"https:\/\/www.fcpelikarhut.fi\/index.php\/wp-json\/wp\/v2\/pages\/375\/revisions\/1430"}],"wp:attachment":[{"href":"https:\/\/www.fcpelikarhut.fi\/index.php\/wp-json\/wp\/v2\/media?parent=375"}],"curies":[{"name":"wp","href":"https:\/\/api.w.org\/{rel}","templated":true}]}}