{"id":47,"date":"2024-07-11T10:22:10","date_gmt":"2024-07-11T08:22:10","guid":{"rendered":"https:\/\/www.fcpelikarhut.fi\/?page_id=47"},"modified":"2026-01-26T19:02:47","modified_gmt":"2026-01-26T17:02:47","slug":"tietoa-seurasta","status":"publish","type":"page","link":"https:\/\/www.fcpelikarhut.fi\/index.php\/tietoa-seurasta\/","title":{"rendered":"Tietoa seurasta"},"content":{"rendered":"\n<div class=\"wp-block-cover alignfull\" style=\"padding-top:2%;min-height:30rem;aspect-ratio:unset;\"><img loading=\"lazy\" decoding=\"async\" width=\"2560\" height=\"1696\" class=\"wp-block-cover__image-background wp-image-227\" alt=\"\" src=\"https:\/\/www.fcpelikarhut.fi\/wp-content\/uploads\/2024\/08\/NMT_81082-scaled.jpg\" data-object-fit=\"cover\" srcset=\"https:\/\/www.fcpelikarhut.fi\/wp-content\/uploads\/2024\/08\/NMT_81082-scaled.jpg 2560w, https:\/\/www.fcpelikarhut.fi\/wp-content\/uploads\/2024\/08\/NMT_81082-300x199.jpg 300w, https:\/\/www.fcpelikarhut.fi\/wp-content\/uploads\/2024\/08\/NMT_81082-1024x678.jpg 1024w, https:\/\/www.fcpelikarhut.fi\/wp-content\/uploads\/2024\/08\/NMT_81082-768x509.jpg 768w, https:\/\/www.fcpelikarhut.fi\/wp-content\/uploads\/2024\/08\/NMT_81082-1536x1018.jpg 1536w, https:\/\/www.fcpelikarhut.fi\/wp-content\/uploads\/2024\/08\/NMT_81082-2048x1357.jpg 2048w\" sizes=\"auto, (max-width: 2560px) 100vw, 2560px\" \/><span aria-hidden=\"true\" class=\"wp-block-cover__background has-background-dim-30 has-background-dim\" style=\"background-color:#212122\"><\/span><div class=\"wp-block-cover__inner-container has-global-padding is-layout-constrained wp-container-core-cover-is-layout-ee51f2d2 wp-block-cover-is-layout-constrained\">\n<div class=\"wp-block-group alignwide is-vertical is-content-justification-center is-layout-flex wp-container-core-group-is-layout-5e763914 wp-block-group-is-layout-flex\" style=\"min-height:8rem\">\n<div class=\"wp-block-group has-global-padding is-layout-constrained wp-container-core-group-is-layout-bea02a06 wp-block-group-is-layout-constrained\">\n<h2 class=\"wp-block-heading has-text-align-center has-text-color\" style=\"color:#ffffff;margin-top:0rem;margin-bottom:1.01rem;font-size:clamp(2.071rem, 2.071rem + ((1vw - 0.2rem) * 2.98), 3.71rem);font-style:normal;font-weight:400;line-height:1;text-transform:none\">Tietoa seurasta<\/h2>\n<\/div>\n<\/div>\n<\/div><\/div>\n\n\n\n<section class=\"wp-block-group alignfull has-text-color has-global-padding is-layout-constrained wp-container-core-group-is-layout-4252d6ba wp-block-group-is-layout-constrained\" style=\"color:#03081e;margin-top:0px;padding-top:6.51rem;padding-right:1rem;padding-bottom:5.5rem;padding-left:1rem;font-size:clamp(0.875rem, 0.875rem + ((1vw - 0.2rem) * 0.464), 1.13rem);font-style:normal;font-weight:400;line-height:1.4\">\n<div class=\"wp-block-columns is-layout-flex wp-container-core-columns-is-layout-db2df21c wp-block-columns-is-layout-flex\" style=\"margin-bottom:0px\">\n<div class=\"wp-block-column has-global-padding is-content-justification-left is-layout-constrained wp-container-core-column-is-layout-12dd3699 wp-block-column-is-layout-constrained\" style=\"flex-basis:45%\">\n<figure class=\"wp-block-image aligncenter size-full\"><img loading=\"lazy\" decoding=\"async\" width=\"240\" height=\"288\" src=\"https:\/\/www.fcpelikarhut.fi\/wp-content\/uploads\/2024\/07\/logo_futis-4.png\" alt=\"\" class=\"wp-image-115\"\/><\/figure>\n\n\n\n<div class=\"wp-block-group is-vertical is-layout-flex wp-container-core-group-is-layout-2d729e81 wp-block-group-is-layout-flex\">\n<div class=\"wp-block-buttons is-content-justification-center is-layout-flex wp-container-core-buttons-is-layout-b5994976 wp-block-buttons-is-layout-flex\">\n<div class=\"wp-block-button is-style-fill\"><a class=\"wp-block-button__link has-text-color has-background has-custom-font-size wp-element-button\" href=\"https:\/\/www.fcpelikarhut.fi\/index.php\/tietoa-seurasta\/seuran-historiaa\/\" style=\"border-width:1px;border-radius:2.5rem;color:#ffffff;background-color:#c31032;padding-top:0.3rem;padding-right:0.81rem;padding-bottom:0.3rem;padding-left:0.81rem;font-size:clamp(0.875rem, 0.875rem + ((1vw - 0.2rem) * 0.591), 1.2rem);font-style:normal;font-weight:400;line-height:1;text-transform:capitalize\">Seuran Historia<\/a><\/div>\n\n\n\n<div class=\"wp-block-button is-style-fill\"><a class=\"wp-block-button__link has-text-color has-background has-custom-font-size wp-element-button\" href=\"https:\/\/www.fcpelikarhut.fi\/index.php\/kausimaksut\/\" style=\"border-width:1px;border-radius:2.5rem;color:#ffffff;background-color:#c31032;padding-top:0.3rem;padding-right:0.81rem;padding-bottom:0.3rem;padding-left:0.81rem;font-size:clamp(0.875rem, 0.875rem + ((1vw - 0.2rem) * 0.591), 1.2rem);font-style:normal;font-weight:400;line-height:1;text-transform:capitalize\">Kausimaksut<\/a><\/div>\n\n\n\n<div class=\"wp-block-button is-style-fill\"><a class=\"wp-block-button__link has-text-color has-background has-custom-font-size wp-element-button\" href=\"https:\/\/www.fcpelikarhut.fi\/index.php\/tietoa-seurasta\/kausijulkaisut\/\" style=\"border-width:1px;border-radius:2.5rem;color:#ffffff;background-color:#c31032;padding-top:0.3rem;padding-right:0.81rem;padding-bottom:0.3rem;padding-left:0.81rem;font-size:clamp(0.875rem, 0.875rem + ((1vw - 0.2rem) * 0.591), 1.2rem);font-style:normal;font-weight:400;line-height:1;text-transform:capitalize\">Kausijulkaisut<\/a><\/div>\n<\/div>\n<\/div>\n<\/div>\n\n\n\n<div class=\"wp-block-column is-layout-flow wp-block-column-is-layout-flow\">\n<div class=\"wp-block-group is-vertical is-content-justification-left is-layout-flex wp-container-core-group-is-layout-c5d44cae wp-block-group-is-layout-flex\" style=\"min-height:100%\">\n<div class=\"wp-block-group has-global-padding is-content-justification-center is-layout-constrained wp-container-core-group-is-layout-b15c80d6 wp-block-group-is-layout-constrained\">\n<h3 class=\"wp-block-heading has-text-align-left has-text-color\" style=\"color:#07277c;margin-top:0.5rem;margin-bottom:1.01rem;font-size:clamp(1.556rem, 1.556rem + ((1vw - 0.2rem) * 1.916), 2.61rem);font-style:normal;font-weight:500;letter-spacing:0px;line-height:1.3;text-transform:capitalize\">FC Peli-Karhut<\/h3>\n\n\n\n<p>Peli-Karhut tarjoaa nuorille mahdollisuuden oppia ja nauttia jalkapallon pelaamisesta ja harjoittelemisesta riippumatta heid\u00e4n jalkapalloilullisista tavoitteistaan. Muidenkaan urheilulajien harrastajia ei suljeta pois toiminnasta.<\/p>\n\n\n\n<p>Tavoitteena on jalkapalloilijoiden kasvattaminen niin pelitaidollisesti kuin henkisesti ottaen huomioon sosiaalisuuden, erilaisuuden ymm\u00e4rt\u00e4misen ja sen hyv\u00e4ksymisen.<\/p>\n\n\n\n<p>Joukkueiden valmentajat, jojot ja huoltajat sek\u00e4 vanhemmat tekev\u00e4t vapaaehtoisty\u00f6t\u00e4 oman p\u00e4\u00e4toimisen ty\u00f6ns\u00e4 ohella osallistumalla ty\u00f6talkoisiin, pelimatkakuljetuksiin ja harjoitusten toteutukseen.<\/p>\n\n\n\n<p>Toimintaa ohjaa Palloliiton&nbsp;<br><strong>Kaikki Pelaa -periaate<\/strong>.<\/p>\n<\/div>\n<\/div>\n<\/div>\n<\/div>\n<\/section>\n\n\n\n<div class=\"wp-block-group has-global-padding is-layout-constrained wp-block-group-is-layout-constrained\">\n<div class=\"wp-block-columns alignwide are-vertically-aligned-top is-layout-flex wp-container-core-columns-is-layout-28f84493 wp-block-columns-is-layout-flex\">\n<div class=\"wp-block-column is-vertically-aligned-top is-layout-flow wp-block-column-is-layout-flow\"><\/div>\n<\/div>\n<\/div>\n","protected":false},"excerpt":{"rendered":"<p>FC Peli-Karhut Peli-Karhut tarjoaa nuorille mahdollisuuden oppia ja nauttia jalkapallon pelaamisesta ja harjoittelemisesta riippumatta heid\u00e4n jalkapalloilullisista tavoitteistaan. Muidenkaan urheilulajien harrastajia ei suljeta pois toiminnasta. Tavoitteena on jalkapalloilijoiden kasvattaminen niin pelitaidollisesti kuin henkisesti ottaen huomioon sosiaalisuuden, erilaisuuden ymm\u00e4rt\u00e4misen ja sen hyv\u00e4ksymisen. Joukkueiden valmentajat, jojot ja huoltajat sek\u00e4 vanhemmat tekev\u00e4t vapaaehtoisty\u00f6t\u00e4 oman p\u00e4\u00e4toimisen ty\u00f6ns\u00e4 ohella osallistumalla ty\u00f6talkoisiin, [&hellip;]<\/p>\n","protected":false},"author":1,"featured_media":0,"parent":0,"menu_order":0,"comment_status":"closed","ping_status":"closed","template":"","meta":{"footnotes":""},"class_list":["post-47","page","type-page","status-publish","hentry"],"_links":{"self":[{"href":"https:\/\/www.fcpelikarhut.fi\/index.php\/wp-json\/wp\/v2\/pages\/47","targetHints":{"allow":["GET"]}}],"collection":[{"href":"https:\/\/www.fcpelikarhut.fi\/index.php\/wp-json\/wp\/v2\/pages"}],"about":[{"href":"https:\/\/www.fcpelikarhut.fi\/index.php\/wp-json\/wp\/v2\/types\/page"}],"author":[{"embeddable":true,"href":"https:\/\/www.fcpelikarhut.fi\/index.php\/wp-json\/wp\/v2\/users\/1"}],"replies":[{"embeddable":true,"href":"https:\/\/www.fcpelikarhut.fi\/index.php\/wp-json\/wp\/v2\/comments?post=47"}],"version-history":[{"count":14,"href":"https:\/\/www.fcpelikarhut.fi\/index.php\/wp-json\/wp\/v2\/pages\/47\/revisions"}],"predecessor-version":[{"id":1244,"href":"https:\/\/www.fcpelikarhut.fi\/index.php\/wp-json\/wp\/v2\/pages\/47\/revisions\/1244"}],"wp:attachment":[{"href":"https:\/\/www.fcpelikarhut.fi\/index.php\/wp-json\/wp\/v2\/media?parent=47"}],"curies":[{"name":"wp","href":"https:\/\/api.w.org\/{rel}","templated":true}]}}