{"id":49,"date":"2024-07-11T10:22:32","date_gmt":"2024-07-11T08:22:32","guid":{"rendered":"https:\/\/www.fcpelikarhut.fi\/?page_id=49"},"modified":"2025-11-18T16:44:26","modified_gmt":"2025-11-18T14:44:26","slug":"joukkueet","status":"publish","type":"page","link":"https:\/\/www.fcpelikarhut.fi\/index.php\/joukkueet\/","title":{"rendered":"Joukkueet"},"content":{"rendered":"\n<div class=\"wp-block-cover alignfull\" style=\"padding-top:2%;min-height:30rem;aspect-ratio:unset;\"><img loading=\"lazy\" decoding=\"async\" width=\"1024\" height=\"576\" class=\"wp-block-cover__image-background wp-image-1072 size-large\" alt=\"\" src=\"https:\/\/www.fcpelikarhut.fi\/wp-content\/uploads\/2025\/06\/NMT_6259_2-1024x576.jpg\" data-object-fit=\"cover\" srcset=\"https:\/\/www.fcpelikarhut.fi\/wp-content\/uploads\/2025\/06\/NMT_6259_2-1024x576.jpg 1024w, https:\/\/www.fcpelikarhut.fi\/wp-content\/uploads\/2025\/06\/NMT_6259_2-300x169.jpg 300w, https:\/\/www.fcpelikarhut.fi\/wp-content\/uploads\/2025\/06\/NMT_6259_2-768x432.jpg 768w, https:\/\/www.fcpelikarhut.fi\/wp-content\/uploads\/2025\/06\/NMT_6259_2-1536x864.jpg 1536w, https:\/\/www.fcpelikarhut.fi\/wp-content\/uploads\/2025\/06\/NMT_6259_2-2048x1152.jpg 2048w\" sizes=\"auto, (max-width: 1024px) 100vw, 1024px\" \/><span aria-hidden=\"true\" class=\"wp-block-cover__background has-background-dim-30 has-background-dim\" style=\"background-color:#212122\"><\/span><div class=\"wp-block-cover__inner-container has-global-padding is-layout-constrained wp-container-core-cover-is-layout-ee51f2d2 wp-block-cover-is-layout-constrained\">\n<div class=\"wp-block-group alignwide is-vertical is-content-justification-center is-layout-flex wp-container-core-group-is-layout-5e763914 wp-block-group-is-layout-flex\" style=\"min-height:8rem\">\n<div class=\"wp-block-group has-global-padding is-layout-constrained wp-container-core-group-is-layout-bea02a06 wp-block-group-is-layout-constrained\">\n<h2 class=\"wp-block-heading has-text-align-center has-text-color\" style=\"color:#ffffff;margin-top:0rem;margin-bottom:1.01rem;font-size:clamp(2.071rem, 2.071rem + ((1vw - 0.2rem) * 2.98), 3.71rem);font-style:normal;font-weight:400;line-height:1;text-transform:capitalize\">Joukkueet<\/h2>\n<\/div>\n<\/div>\n<\/div><\/div>\n\n\n\n<section class=\"wp-block-group alignfull has-text-color has-global-padding is-layout-constrained wp-container-core-group-is-layout-4252d6ba wp-block-group-is-layout-constrained\" style=\"color:#03081e;margin-top:0px;padding-top:6.51rem;padding-right:1rem;padding-bottom:5.5rem;padding-left:1rem;font-size:clamp(0.875rem, 0.875rem + ((1vw - 0.2rem) * 0.464), 1.13rem);font-style:normal;font-weight:400;line-height:1.4\">\n<div class=\"wp-block-columns is-layout-flex wp-container-core-columns-is-layout-db2df21c wp-block-columns-is-layout-flex\" style=\"margin-bottom:0px\">\n<div class=\"wp-block-column has-global-padding is-content-justification-left is-layout-constrained wp-container-core-column-is-layout-12dd3699 wp-block-column-is-layout-constrained\" style=\"flex-basis:50%\">\n<figure class=\"wp-block-image aligncenter size-full is-resized\"><img loading=\"lazy\" decoding=\"async\" width=\"2560\" height=\"1696\" src=\"https:\/\/www.fcpelikarhut.fi\/wp-content\/uploads\/2025\/06\/NMT_6251-scaled.jpg\" alt=\"\" class=\"wp-image-1075\" style=\"width:520px\" srcset=\"https:\/\/www.fcpelikarhut.fi\/wp-content\/uploads\/2025\/06\/NMT_6251-scaled.jpg 2560w, https:\/\/www.fcpelikarhut.fi\/wp-content\/uploads\/2025\/06\/NMT_6251-300x199.jpg 300w, https:\/\/www.fcpelikarhut.fi\/wp-content\/uploads\/2025\/06\/NMT_6251-1024x678.jpg 1024w, https:\/\/www.fcpelikarhut.fi\/wp-content\/uploads\/2025\/06\/NMT_6251-768x509.jpg 768w, https:\/\/www.fcpelikarhut.fi\/wp-content\/uploads\/2025\/06\/NMT_6251-1536x1017.jpg 1536w, https:\/\/www.fcpelikarhut.fi\/wp-content\/uploads\/2025\/06\/NMT_6251-2048x1356.jpg 2048w\" sizes=\"auto, (max-width: 2560px) 100vw, 2560px\" \/><\/figure>\n<\/div>\n\n\n\n<div class=\"wp-block-column is-layout-flow wp-block-column-is-layout-flow\">\n<div class=\"wp-block-group is-vertical is-content-justification-left is-layout-flex wp-container-core-group-is-layout-c5d44cae wp-block-group-is-layout-flex\" style=\"min-height:100%\">\n<div class=\"wp-block-group has-global-padding is-content-justification-center is-layout-constrained wp-container-core-group-is-layout-b15c80d6 wp-block-group-is-layout-constrained\">\n<h3 class=\"wp-block-heading has-text-align-left has-text-color\" style=\"color:#07277c;margin-top:0.5rem;margin-bottom:1.01rem;font-size:clamp(1.044rem, 1.044rem + ((1vw - 0.2rem) * 1.029), 1.61rem);font-style:normal;font-weight:500;letter-spacing:0px;line-height:1.3;text-transform:capitalize\"><a href=\"https:\/\/www.fcpelikarhut.fi\/index.php\/nuorten-joukkueet\/\">Nuorten Joukkueet<\/a> <\/h3>\n\n\n\n<p>Kiinnostaisiko jalkapallon pelaaminen Peli-Karhuissa? Siirry ik\u00e4luokkasi sivulle ja tutustu toimintaamme.<\/p>\n<\/div>\n<\/div>\n<\/div>\n<\/div>\n<\/section>\n\n\n\n<hr class=\"wp-block-separator has-alpha-channel-opacity is-style-wide\"\/>\n\n\n\n<section class=\"wp-block-group alignfull has-text-color has-global-padding is-layout-constrained wp-container-core-group-is-layout-b691706e wp-block-group-is-layout-constrained\" style=\"color:#03081e;margin-top:0px;padding-top:4.01rem;padding-right:1rem;padding-bottom:5.5rem;padding-left:1rem;font-size:clamp(0.875rem, 0.875rem + ((1vw - 0.2rem) * 0.464), 1.13rem);font-style:normal;font-weight:400;line-height:1.4\">\n<div class=\"wp-block-columns is-layout-flex wp-container-core-columns-is-layout-db2df21c wp-block-columns-is-layout-flex\" style=\"margin-bottom:0px\">\n<div class=\"wp-block-column has-global-padding is-content-justification-left is-layout-constrained wp-container-core-column-is-layout-12dd3699 wp-block-column-is-layout-constrained\" style=\"flex-basis:50%\">\n<figure class=\"wp-block-image aligncenter size-full is-resized\"><img loading=\"lazy\" decoding=\"async\" width=\"2560\" height=\"1696\" src=\"https:\/\/www.fcpelikarhut.fi\/wp-content\/uploads\/2024\/08\/10.8.2018-PeKa-RiPa-6-scaled.jpg\" alt=\"\" class=\"wp-image-239\" style=\"width:520px\" srcset=\"https:\/\/www.fcpelikarhut.fi\/wp-content\/uploads\/2024\/08\/10.8.2018-PeKa-RiPa-6-scaled.jpg 2560w, https:\/\/www.fcpelikarhut.fi\/wp-content\/uploads\/2024\/08\/10.8.2018-PeKa-RiPa-6-300x199.jpg 300w, https:\/\/www.fcpelikarhut.fi\/wp-content\/uploads\/2024\/08\/10.8.2018-PeKa-RiPa-6-1024x678.jpg 1024w, https:\/\/www.fcpelikarhut.fi\/wp-content\/uploads\/2024\/08\/10.8.2018-PeKa-RiPa-6-768x509.jpg 768w, https:\/\/www.fcpelikarhut.fi\/wp-content\/uploads\/2024\/08\/10.8.2018-PeKa-RiPa-6-1536x1017.jpg 1536w, https:\/\/www.fcpelikarhut.fi\/wp-content\/uploads\/2024\/08\/10.8.2018-PeKa-RiPa-6-2048x1356.jpg 2048w\" sizes=\"auto, (max-width: 2560px) 100vw, 2560px\" \/><\/figure>\n<\/div>\n\n\n\n<div class=\"wp-block-column is-layout-flow wp-block-column-is-layout-flow\">\n<div class=\"wp-block-group is-vertical is-content-justification-left is-layout-flex wp-container-core-group-is-layout-c5d44cae wp-block-group-is-layout-flex\" style=\"min-height:100%\">\n<div class=\"wp-block-group has-global-padding is-content-justification-center is-layout-constrained wp-container-core-group-is-layout-b15c80d6 wp-block-group-is-layout-constrained\">\n<h3 class=\"wp-block-heading has-text-align-left has-text-color\" style=\"color:#07277c;margin-top:0.5rem;margin-bottom:1.01rem;font-size:clamp(1.044rem, 1.044rem + ((1vw - 0.2rem) * 1.029), 1.61rem);font-style:normal;font-weight:500;letter-spacing:0px;line-height:1.3;text-transform:capitalize\"><a href=\"https:\/\/www.fcpelikarhut.fi\/index.php\/naisten-joukkue\/\" data-type=\"link\" data-id=\"https:\/\/www.fcpelikarhut.fi\/index.php\/naisten-joukkue\/\">Naisten Joukkue<\/a><\/h3>\n\n\n\n<p>Olemme harrastejoukkue, joka treenaa ohjatusti hyv\u00e4ll\u00e4 temmolla unohtamatta, ett\u00e4 harkoissa on my\u00f6s hauskaa! Joukkueeseemme ovat kaikki pelaajat tervetulleita, on lajitaustaa tai ei.<br>Kes\u00e4kaudella pelaamme 5. divaria ja 7v7 kotikentt\u00e4sarjaa sek\u00e4 talvikaudella futsalia 3. divarissa. Harjoittelemme kolme kertaa viikossa.<\/p>\n<\/div>\n<\/div>\n<\/div>\n<\/div>\n<\/section>\n\n\n\n<hr class=\"wp-block-separator has-alpha-channel-opacity is-style-wide\"\/>\n\n\n\n<section class=\"wp-block-group alignfull has-text-color has-global-padding is-layout-constrained wp-container-core-group-is-layout-b691706e wp-block-group-is-layout-constrained\" style=\"color:#03081e;margin-top:0px;padding-top:4.01rem;padding-right:1rem;padding-bottom:5.5rem;padding-left:1rem;font-size:clamp(0.875rem, 0.875rem + ((1vw - 0.2rem) * 0.464), 1.13rem);font-style:normal;font-weight:400;line-height:1.4\">\n<div class=\"wp-block-columns is-layout-flex wp-container-core-columns-is-layout-db2df21c wp-block-columns-is-layout-flex\" style=\"margin-bottom:0px\">\n<div class=\"wp-block-column has-global-padding is-content-justification-left is-layout-constrained wp-container-core-column-is-layout-12dd3699 wp-block-column-is-layout-constrained\" style=\"flex-basis:50%\">\n<figure class=\"wp-block-image aligncenter size-full is-resized\"><a href=\"https:\/\/www.fcpelikarhut.fi\/index.php\/erikoisryhma\/\"><img loading=\"lazy\" decoding=\"async\" width=\"2560\" height=\"1696\" src=\"https:\/\/www.fcpelikarhut.fi\/wp-content\/uploads\/2024\/08\/NMT_9269-scaled.jpg\" alt=\"\" class=\"wp-image-229\" style=\"width:520px\" srcset=\"https:\/\/www.fcpelikarhut.fi\/wp-content\/uploads\/2024\/08\/NMT_9269-scaled.jpg 2560w, https:\/\/www.fcpelikarhut.fi\/wp-content\/uploads\/2024\/08\/NMT_9269-300x199.jpg 300w, https:\/\/www.fcpelikarhut.fi\/wp-content\/uploads\/2024\/08\/NMT_9269-1024x678.jpg 1024w, https:\/\/www.fcpelikarhut.fi\/wp-content\/uploads\/2024\/08\/NMT_9269-768x509.jpg 768w, https:\/\/www.fcpelikarhut.fi\/wp-content\/uploads\/2024\/08\/NMT_9269-1536x1017.jpg 1536w, https:\/\/www.fcpelikarhut.fi\/wp-content\/uploads\/2024\/08\/NMT_9269-2048x1356.jpg 2048w\" sizes=\"auto, (max-width: 2560px) 100vw, 2560px\" \/><\/a><\/figure>\n<\/div>\n\n\n\n<div class=\"wp-block-column is-layout-flow wp-block-column-is-layout-flow\">\n<div class=\"wp-block-group is-vertical is-content-justification-left is-layout-flex wp-container-core-group-is-layout-c5d44cae wp-block-group-is-layout-flex\" style=\"min-height:100%\">\n<div class=\"wp-block-group has-global-padding is-content-justification-center is-layout-constrained wp-container-core-group-is-layout-b15c80d6 wp-block-group-is-layout-constrained\">\n<h3 class=\"wp-block-heading has-text-align-left has-text-color\" style=\"color:#07277c;margin-top:0.5rem;margin-bottom:1.01rem;font-size:clamp(1.044rem, 1.044rem + ((1vw - 0.2rem) * 1.029), 1.61rem);font-style:normal;font-weight:500;letter-spacing:0px;line-height:1.3;text-transform:capitalize\"><a href=\"https:\/\/www.fcpelikarhut.fi\/index.php\/erikoisryhma\/\">Erityisryhm\u00e4<\/a><\/h3>\n\n\n\n<p>Iloiseen joukkoomme mahtuu mukaan kaiken ik\u00e4isi\u00e4 jalkapallosta kiinnostuneita henkil\u00f6it\u00e4. Kokeilemaan voi tulla vaikka vanhemman, sisaruksen tai ohjaajan kanssa.&nbsp;<\/p>\n<\/div>\n<\/div>\n<\/div>\n<\/div>\n<\/section>\n\n\n\n<hr class=\"wp-block-separator has-alpha-channel-opacity is-style-wide\"\/>\n\n\n\n<section class=\"wp-block-group alignfull has-text-color has-global-padding is-layout-constrained wp-container-core-group-is-layout-b691706e wp-block-group-is-layout-constrained\" style=\"color:#03081e;margin-top:0px;padding-top:4.01rem;padding-right:1rem;padding-bottom:5.5rem;padding-left:1rem;font-size:clamp(0.875rem, 0.875rem + ((1vw - 0.2rem) * 0.464), 1.13rem);font-style:normal;font-weight:400;line-height:1.4\">\n<div class=\"wp-block-columns is-layout-flex wp-container-core-columns-is-layout-db2df21c wp-block-columns-is-layout-flex\" style=\"margin-bottom:0px\">\n<div class=\"wp-block-column has-global-padding is-content-justification-left is-layout-constrained wp-container-core-column-is-layout-12dd3699 wp-block-column-is-layout-constrained\" style=\"flex-basis:50%\">\n<figure class=\"wp-block-image aligncenter size-full is-resized\"><a href=\"https:\/\/www.fcpelikarhut.fi\/index.php\/perhefutis\/\"><img loading=\"lazy\" decoding=\"async\" width=\"2560\" height=\"1696\" src=\"https:\/\/www.fcpelikarhut.fi\/wp-content\/uploads\/2024\/08\/NMT_2811-scaled.jpg\" alt=\"\" class=\"wp-image-224\" style=\"width:520px\" srcset=\"https:\/\/www.fcpelikarhut.fi\/wp-content\/uploads\/2024\/08\/NMT_2811-scaled.jpg 2560w, https:\/\/www.fcpelikarhut.fi\/wp-content\/uploads\/2024\/08\/NMT_2811-300x199.jpg 300w, https:\/\/www.fcpelikarhut.fi\/wp-content\/uploads\/2024\/08\/NMT_2811-1024x678.jpg 1024w, https:\/\/www.fcpelikarhut.fi\/wp-content\/uploads\/2024\/08\/NMT_2811-768x509.jpg 768w, https:\/\/www.fcpelikarhut.fi\/wp-content\/uploads\/2024\/08\/NMT_2811-1536x1017.jpg 1536w, https:\/\/www.fcpelikarhut.fi\/wp-content\/uploads\/2024\/08\/NMT_2811-2048x1356.jpg 2048w\" sizes=\"auto, (max-width: 2560px) 100vw, 2560px\" \/><\/a><\/figure>\n<\/div>\n\n\n\n<div class=\"wp-block-column is-layout-flow wp-block-column-is-layout-flow\">\n<div class=\"wp-block-group is-vertical is-content-justification-left is-layout-flex wp-container-core-group-is-layout-c5d44cae wp-block-group-is-layout-flex\" style=\"min-height:100%\">\n<div class=\"wp-block-group has-global-padding is-content-justification-center is-layout-constrained wp-container-core-group-is-layout-b15c80d6 wp-block-group-is-layout-constrained\">\n<h3 class=\"wp-block-heading has-text-align-left has-text-color\" style=\"color:#07277c;margin-top:0.5rem;margin-bottom:1.01rem;font-size:clamp(1.044rem, 1.044rem + ((1vw - 0.2rem) * 1.029), 1.61rem);font-style:normal;font-weight:500;letter-spacing:0px;line-height:1.3;text-transform:capitalize\"><a href=\"https:\/\/www.fcpelikarhut.fi\/index.php\/tenavafutis-2\/\" data-type=\"page\" data-id=\"325\">Tenavafutis<\/a><\/h3>\n\n\n\n<p>Tenavafutis on lapsen ja vanhemman yhteinen, suosittu harrastus, jossa nautitaan liikunnasta monipuolisesti ja turvallisesti ilman suorituspaineita. Toiminta on yhteist\u00e4 oppimista ja oivaltamista kiireett\u00f6m\u00e4ss\u00e4 ilmapiiriss\u00e4.<\/p>\n<\/div>\n<\/div>\n<\/div>\n<\/div>\n<\/section>\n\n\n\n<p><\/p>\n","protected":false},"excerpt":{"rendered":"<p>Nuorten Joukkueet Kiinnostaisiko jalkapallon pelaaminen Peli-Karhuissa? Siirry ik\u00e4luokkasi sivulle ja tutustu toimintaamme. Naisten Joukkue Olemme harrastejoukkue, joka treenaa ohjatusti hyv\u00e4ll\u00e4 temmolla unohtamatta, ett\u00e4 harkoissa on my\u00f6s hauskaa! Joukkueeseemme ovat kaikki pelaajat tervetulleita, on lajitaustaa tai ei.Kes\u00e4kaudella pelaamme 5. divaria ja 7v7 kotikentt\u00e4sarjaa sek\u00e4 talvikaudella futsalia 3. divarissa. Harjoittelemme kolme kertaa viikossa. Erityisryhm\u00e4 Iloiseen joukkoomme mahtuu [&hellip;]<\/p>\n","protected":false},"author":1,"featured_media":0,"parent":0,"menu_order":0,"comment_status":"closed","ping_status":"closed","template":"","meta":{"footnotes":""},"class_list":["post-49","page","type-page","status-publish","hentry"],"_links":{"self":[{"href":"https:\/\/www.fcpelikarhut.fi\/index.php\/wp-json\/wp\/v2\/pages\/49","targetHints":{"allow":["GET"]}}],"collection":[{"href":"https:\/\/www.fcpelikarhut.fi\/index.php\/wp-json\/wp\/v2\/pages"}],"about":[{"href":"https:\/\/www.fcpelikarhut.fi\/index.php\/wp-json\/wp\/v2\/types\/page"}],"author":[{"embeddable":true,"href":"https:\/\/www.fcpelikarhut.fi\/index.php\/wp-json\/wp\/v2\/users\/1"}],"replies":[{"embeddable":true,"href":"https:\/\/www.fcpelikarhut.fi\/index.php\/wp-json\/wp\/v2\/comments?post=49"}],"version-history":[{"count":24,"href":"https:\/\/www.fcpelikarhut.fi\/index.php\/wp-json\/wp\/v2\/pages\/49\/revisions"}],"predecessor-version":[{"id":1195,"href":"https:\/\/www.fcpelikarhut.fi\/index.php\/wp-json\/wp\/v2\/pages\/49\/revisions\/1195"}],"wp:attachment":[{"href":"https:\/\/www.fcpelikarhut.fi\/index.php\/wp-json\/wp\/v2\/media?parent=49"}],"curies":[{"name":"wp","href":"https:\/\/api.w.org\/{rel}","templated":true}]}}